{"id":205,"date":"2017-05-24T20:23:49","date_gmt":"2017-05-25T01:23:49","guid":{"rendered":"http:\/\/www.tortrillas.com.mx\/wordpress\/?page_id=205"},"modified":"2017-11-17T14:21:33","modified_gmt":"2017-11-17T20:21:33","slug":"bisquets","status":"publish","type":"page","link":"http:\/\/www.tortrillas.com.mx\/wordpress\/bisquets\/","title":{"rendered":"Bisquets"},"content":{"rendered":"<p><a href=\"http:\/\/www.tortrillas.com.mx\/wordpress\/wp-content\/uploads\/2017\/05\/BodegonBisquets-1.jpg\"><img loading=\"lazy\" class=\"wp-image-327 aligncenter\" src=\"http:\/\/www.tortrillas.com.mx\/wordpress\/wp-content\/uploads\/2017\/05\/BodegonBisquets-1-300x200.jpg\" alt=\"\" width=\"459\" height=\"306\" srcset=\"http:\/\/www.tortrillas.com.mx\/wordpress\/wp-content\/uploads\/2017\/05\/BodegonBisquets-1-300x200.jpg 300w, http:\/\/www.tortrillas.com.mx\/wordpress\/wp-content\/uploads\/2017\/05\/BodegonBisquets-1-600x400.jpg 600w, http:\/\/www.tortrillas.com.mx\/wordpress\/wp-content\/uploads\/2017\/05\/BodegonBisquets-1-768x512.jpg 768w, http:\/\/www.tortrillas.com.mx\/wordpress\/wp-content\/uploads\/2017\/05\/BodegonBisquets-1.jpg 800w\" sizes=\"(max-width: 459px) 100vw, 459px\" \/><\/a><\/p>\n<p style=\"text-align: center;\"><span style=\"font-weight: 400;\">Forma parte de una l\u00ednea de productos de panader\u00eda \/ reposter\u00eda prima de las tortilla de harina. Se trata de una <em>gordita a base de reques\u00f3n fresco y harina<\/em> <em>de trigo<\/em>. Su sabor dulce con un toque de sal lo hacen muy <em>apetecible<\/em> <em>y buscado<\/em>. El bisquet de<strong> TorTriLLas<\/strong> tiene varios a\u00f1os siendo un deleite para todo el p\u00fablico, ideal para acompa\u00f1ar un vaso de leche o un caf\u00e9 en el desayuno, o como postre despu\u00e9s de comer, o para una reuni\u00f3n de trabajo con t\u00e9 o caf\u00e9. Las presentaciones de este producto son:<\/span><\/p>\n<p style=\"text-align: center;\"><strong><em>Bolsa con 6 piezas<\/em><\/strong><\/p>\n<p style=\"text-align: center;\"><strong><em>Caja o blister con 24 piezas<\/em><\/strong><\/p>\n","protected":false},"excerpt":{"rendered":"<p>Forma parte de una l\u00ednea de productos de panader\u00eda \/ reposter\u00eda prima de las tortilla de harina. Se trata de una gordita a base de reques\u00f3n fresco y harina de trigo. Su sabor dulce con un toque de sal lo hacen muy apetecible y buscado. El bisquet de TorTriLLas tiene varios a\u00f1os siendo un deleite [&hellip;]<\/p>\n","protected":false},"author":1,"featured_media":0,"parent":0,"menu_order":11,"comment_status":"closed","ping_status":"closed","template":"","meta":[],"_links":{"self":[{"href":"http:\/\/www.tortrillas.com.mx\/wordpress\/wp-json\/wp\/v2\/pages\/205"}],"collection":[{"href":"http:\/\/www.tortrillas.com.mx\/wordpress\/wp-json\/wp\/v2\/pages"}],"about":[{"href":"http:\/\/www.tortrillas.com.mx\/wordpress\/wp-json\/wp\/v2\/types\/page"}],"author":[{"embeddable":true,"href":"http:\/\/www.tortrillas.com.mx\/wordpress\/wp-json\/wp\/v2\/users\/1"}],"replies":[{"embeddable":true,"href":"http:\/\/www.tortrillas.com.mx\/wordpress\/wp-json\/wp\/v2\/comments?post=205"}],"version-history":[{"count":4,"href":"http:\/\/www.tortrillas.com.mx\/wordpress\/wp-json\/wp\/v2\/pages\/205\/revisions"}],"predecessor-version":[{"id":420,"href":"http:\/\/www.tortrillas.com.mx\/wordpress\/wp-json\/wp\/v2\/pages\/205\/revisions\/420"}],"wp:attachment":[{"href":"http:\/\/www.tortrillas.com.mx\/wordpress\/wp-json\/wp\/v2\/media?parent=205"}],"curies":[{"name":"wp","href":"https:\/\/api.w.org\/{rel}","templated":true}]}}