{"id":206,"date":"2017-05-24T20:23:49","date_gmt":"2017-05-25T01:23:49","guid":{"rendered":"http:\/\/www.tortrillas.com.mx\/wordpress\/?page_id=206"},"modified":"2017-11-17T14:00:06","modified_gmt":"2017-11-17T20:00:06","slug":"las-gueras","status":"publish","type":"page","link":"http:\/\/www.tortrillas.com.mx\/wordpress\/las-gueras\/","title":{"rendered":"Las G\u00fceras"},"content":{"rendered":"<p><a href=\"http:\/\/www.tortrillas.com.mx\/wordpress\/wp-content\/uploads\/2017\/10\/topTable-LasGueras-1.jpg\"><img loading=\"lazy\" class=\"wp-image-310 aligncenter\" src=\"http:\/\/www.tortrillas.com.mx\/wordpress\/wp-content\/uploads\/2017\/10\/topTable-LasGueras-1-300x200.jpg\" alt=\"\" width=\"460\" height=\"306\" srcset=\"http:\/\/www.tortrillas.com.mx\/wordpress\/wp-content\/uploads\/2017\/10\/topTable-LasGueras-1-300x200.jpg 300w, http:\/\/www.tortrillas.com.mx\/wordpress\/wp-content\/uploads\/2017\/10\/topTable-LasGueras-1-600x400.jpg 600w, http:\/\/www.tortrillas.com.mx\/wordpress\/wp-content\/uploads\/2017\/10\/topTable-LasGueras-1-768x512.jpg 768w, http:\/\/www.tortrillas.com.mx\/wordpress\/wp-content\/uploads\/2017\/10\/topTable-LasGueras-1.jpg 800w\" sizes=\"(max-width: 460px) 100vw, 460px\" \/><\/a><\/p>\n<p style=\"text-align: center;\"><span style=\"font-weight: 400;\">Tortilla de harina con di\u00e1metro entre 15.2 y 15.7 cm. Es el producto que <strong>Tor-Tri-LLas<\/strong> comenz\u00f3 a fabricar desde su inicio en 1990. Muchos de nuestros clientes incluso ubican a nuestra marca y a todos nuestros productos como <em>\u201cLas G\u00fceras\u201d<\/em>. Es por ello que nuestra querida mu\u00f1equita, La G\u00fcera, est\u00e1 presente en el dise\u00f1o de bolsa o etiqueta de la mayor\u00eda de nuestras presentaciones. El tama\u00f1o de esta tortilla es ideal para presentaciones en donde el contenido de la tortilla debe tomar m\u00e1s importancia, tanto a nivel culinario como comercial. Por ejemplo, Las G\u00fceras, son el producto preferido de los taqueros en sus parrilladas y alambres. Los taqueros y las familias buscan a Las G\u00fceras porque adem\u00e1s de tener un <em>tama\u00f1o adecuado<\/em> para porciones individuales bien equilibradas, las tortillas se pueden trabajar f\u00e1cilmente, no se pegan entre s\u00ed y no se rompen al manipularlas en fr\u00edo. Existen varias presentaciones del producto:<\/span><\/p>\n<p style=\"text-align: center;\"><strong><em>La tradicional G\u00fcera de 475 g con 19 piezas<\/em><\/strong><\/p>\n<p style=\"text-align: center;\"><strong><em>El kilo de G\u00fcera con 40 piezas<\/em><\/strong><\/p>\n<p style=\"text-align: center;\"><strong><em>El \u00bd Kg de G\u00fcera con 20 piezas<\/em><\/strong><\/p>\n<p style=\"text-align: center;\">\n","protected":false},"excerpt":{"rendered":"<p>Tortilla de harina con di\u00e1metro entre 15.2 y 15.7 cm. Es el producto que Tor-Tri-LLas comenz\u00f3 a fabricar desde su inicio en 1990. Muchos de nuestros clientes incluso ubican a nuestra marca y a todos nuestros productos como \u201cLas G\u00fceras\u201d. Es por ello que nuestra querida mu\u00f1equita, La G\u00fcera, est\u00e1 presente en el dise\u00f1o de [&hellip;]<\/p>\n","protected":false},"author":1,"featured_media":0,"parent":0,"menu_order":7,"comment_status":"closed","ping_status":"closed","template":"","meta":[],"_links":{"self":[{"href":"http:\/\/www.tortrillas.com.mx\/wordpress\/wp-json\/wp\/v2\/pages\/206"}],"collection":[{"href":"http:\/\/www.tortrillas.com.mx\/wordpress\/wp-json\/wp\/v2\/pages"}],"about":[{"href":"http:\/\/www.tortrillas.com.mx\/wordpress\/wp-json\/wp\/v2\/types\/page"}],"author":[{"embeddable":true,"href":"http:\/\/www.tortrillas.com.mx\/wordpress\/wp-json\/wp\/v2\/users\/1"}],"replies":[{"embeddable":true,"href":"http:\/\/www.tortrillas.com.mx\/wordpress\/wp-json\/wp\/v2\/comments?post=206"}],"version-history":[{"count":10,"href":"http:\/\/www.tortrillas.com.mx\/wordpress\/wp-json\/wp\/v2\/pages\/206\/revisions"}],"predecessor-version":[{"id":418,"href":"http:\/\/www.tortrillas.com.mx\/wordpress\/wp-json\/wp\/v2\/pages\/206\/revisions\/418"}],"wp:attachment":[{"href":"http:\/\/www.tortrillas.com.mx\/wordpress\/wp-json\/wp\/v2\/media?parent=206"}],"curies":[{"name":"wp","href":"https:\/\/api.w.org\/{rel}","templated":true}]}}