{"id":207,"date":"2017-05-24T20:23:49","date_gmt":"2017-05-25T01:23:49","guid":{"rendered":"http:\/\/www.tortrillas.com.mx\/wordpress\/?page_id=207"},"modified":"2017-11-17T14:18:15","modified_gmt":"2017-11-17T20:18:15","slug":"las-campesinas","status":"publish","type":"page","link":"http:\/\/www.tortrillas.com.mx\/wordpress\/las-campesinas\/","title":{"rendered":"La Campesina"},"content":{"rendered":"<p><a href=\"http:\/\/www.tortrillas.com.mx\/wordpress\/wp-content\/uploads\/2017\/10\/topTable-Naturales-1.jpg\"><img loading=\"lazy\" class=\"alignnone wp-image-307 aligncenter\" src=\"http:\/\/www.tortrillas.com.mx\/wordpress\/wp-content\/uploads\/2017\/10\/topTable-Naturales-1-300x200.jpg\" alt=\"\" width=\"477\" height=\"318\" srcset=\"http:\/\/www.tortrillas.com.mx\/wordpress\/wp-content\/uploads\/2017\/10\/topTable-Naturales-1-300x200.jpg 300w, http:\/\/www.tortrillas.com.mx\/wordpress\/wp-content\/uploads\/2017\/10\/topTable-Naturales-1-600x400.jpg 600w, http:\/\/www.tortrillas.com.mx\/wordpress\/wp-content\/uploads\/2017\/10\/topTable-Naturales-1-768x512.jpg 768w, http:\/\/www.tortrillas.com.mx\/wordpress\/wp-content\/uploads\/2017\/10\/topTable-Naturales-1.jpg 800w\" sizes=\"(max-width: 477px) 100vw, 477px\" \/><\/a><\/p>\n<p style=\"text-align: center;\"><span style=\"font-weight: 400;\">Tortilla de harina de 16.5 a 17 cm de di\u00e1metro. Es un producto muy <em>vers\u00e1til<\/em> pues su tama\u00f1o le hace ideal para preparar todo tipo de platillos, desde las tradicionales quesadillas y tacos, hasta burritos peque\u00f1os, crepas, lasa\u00f1a o bu\u00f1uelos. El n\u00famero de piezas lo hacen tambi\u00e9n ser bastante <em>rendidor<\/em> en el hogar. Este producto es hoy en d\u00eda, el m\u00e1s solicitado en el mayoreo por su excelente relaci\u00f3n precio y calidad. Sus presentaciones son:<\/span><\/p>\n<p style=\"text-align: center;\"><em><strong>Paquete de 1 Kg con 32 de piezas<\/strong><\/em><\/p>\n<p style=\"text-align: center;\"><em><strong>Paquete de \u00a0\u00bd Kg con 16 piezas<\/strong><\/em><\/p>\n","protected":false},"excerpt":{"rendered":"<p>Tortilla de harina de 16.5 a 17 cm de di\u00e1metro. Es un producto muy vers\u00e1til pues su tama\u00f1o le hace ideal para preparar todo tipo de platillos, desde las tradicionales quesadillas y tacos, hasta burritos peque\u00f1os, crepas, lasa\u00f1a o bu\u00f1uelos. El n\u00famero de piezas lo hacen tambi\u00e9n ser bastante rendidor en el hogar. Este producto [&hellip;]<\/p>\n","protected":false},"author":1,"featured_media":0,"parent":0,"menu_order":8,"comment_status":"closed","ping_status":"closed","template":"","meta":[],"_links":{"self":[{"href":"http:\/\/www.tortrillas.com.mx\/wordpress\/wp-json\/wp\/v2\/pages\/207"}],"collection":[{"href":"http:\/\/www.tortrillas.com.mx\/wordpress\/wp-json\/wp\/v2\/pages"}],"about":[{"href":"http:\/\/www.tortrillas.com.mx\/wordpress\/wp-json\/wp\/v2\/types\/page"}],"author":[{"embeddable":true,"href":"http:\/\/www.tortrillas.com.mx\/wordpress\/wp-json\/wp\/v2\/users\/1"}],"replies":[{"embeddable":true,"href":"http:\/\/www.tortrillas.com.mx\/wordpress\/wp-json\/wp\/v2\/comments?post=207"}],"version-history":[{"count":8,"href":"http:\/\/www.tortrillas.com.mx\/wordpress\/wp-json\/wp\/v2\/pages\/207\/revisions"}],"predecessor-version":[{"id":419,"href":"http:\/\/www.tortrillas.com.mx\/wordpress\/wp-json\/wp\/v2\/pages\/207\/revisions\/419"}],"wp:attachment":[{"href":"http:\/\/www.tortrillas.com.mx\/wordpress\/wp-json\/wp\/v2\/media?parent=207"}],"curies":[{"name":"wp","href":"https:\/\/api.w.org\/{rel}","templated":true}]}}