{"id":208,"date":"2017-05-24T20:23:49","date_gmt":"2017-05-25T01:23:49","guid":{"rendered":"http:\/\/www.tortrillas.com.mx\/wordpress\/?page_id=208"},"modified":"2017-12-19T15:09:29","modified_gmt":"2017-12-19T21:09:29","slug":"galletonas","status":"publish","type":"page","link":"http:\/\/www.tortrillas.com.mx\/wordpress\/galletonas\/","title":{"rendered":"Galletonas"},"content":{"rendered":"<p>&nbsp;<\/p>\n<p><img loading=\"lazy\" class=\"wp-image-294 alignnone\" src=\"http:\/\/www.tortrillas.com.mx\/wordpress\/wp-content\/uploads\/2017\/10\/bodegonGalletas_1-261x300.jpg\" alt=\"\" width=\"309\" height=\"355\" srcset=\"http:\/\/www.tortrillas.com.mx\/wordpress\/wp-content\/uploads\/2017\/10\/bodegonGalletas_1-261x300.jpg 261w, http:\/\/www.tortrillas.com.mx\/wordpress\/wp-content\/uploads\/2017\/10\/bodegonGalletas_1-600x689.jpg 600w, http:\/\/www.tortrillas.com.mx\/wordpress\/wp-content\/uploads\/2017\/10\/bodegonGalletas_1-768x881.jpg 768w, http:\/\/www.tortrillas.com.mx\/wordpress\/wp-content\/uploads\/2017\/10\/bodegonGalletas_1.jpg 800w\" sizes=\"(max-width: 309px) 100vw, 309px\" \/><\/p>\n<p style=\"text-align: center;\"><span style=\"font-weight: 400;\">Como los bisquets, tambi\u00e9n forma parte de la l\u00ednea de productos de panader\u00eda \/ reposter\u00eda. Se trata de galletas de mantequilla de primera acompa\u00f1adas\u00a0<\/span>de semillas o choco chips. Las galletas pueden ser de semilla de ajonjol\u00ed, semilla de Linaza, Avena, o chispas de chocolate. Las presentaciones de este producto son:<\/p>\n<p style=\"text-align: center;\"><em><strong>Bolsa con 4 piezas<\/strong><\/em><\/p>\n<p style=\"text-align: center;\"><em><strong>Caja o blister con 24 piezas<\/strong><\/em><\/p>\n<p style=\"text-align: center;\"><span style=\"font-weight: 400;\">Las cajas o bolsas pueden ser de un solo tipo de semilla o mezcladas.<\/span><\/p>\n<p style=\"text-align: center;\">\n","protected":false},"excerpt":{"rendered":"<p>&nbsp; Como los bisquets, tambi\u00e9n forma parte de la l\u00ednea de productos de panader\u00eda \/ reposter\u00eda. Se trata de galletas de mantequilla de primera acompa\u00f1adas\u00a0de semillas o choco chips. Las galletas pueden ser de semilla de ajonjol\u00ed, semilla de Linaza, Avena, o chispas de chocolate. Las presentaciones de este producto son: Bolsa con 4 piezas [&hellip;]<\/p>\n","protected":false},"author":1,"featured_media":0,"parent":0,"menu_order":12,"comment_status":"closed","ping_status":"closed","template":"","meta":[],"_links":{"self":[{"href":"http:\/\/www.tortrillas.com.mx\/wordpress\/wp-json\/wp\/v2\/pages\/208"}],"collection":[{"href":"http:\/\/www.tortrillas.com.mx\/wordpress\/wp-json\/wp\/v2\/pages"}],"about":[{"href":"http:\/\/www.tortrillas.com.mx\/wordpress\/wp-json\/wp\/v2\/types\/page"}],"author":[{"embeddable":true,"href":"http:\/\/www.tortrillas.com.mx\/wordpress\/wp-json\/wp\/v2\/users\/1"}],"replies":[{"embeddable":true,"href":"http:\/\/www.tortrillas.com.mx\/wordpress\/wp-json\/wp\/v2\/comments?post=208"}],"version-history":[{"count":5,"href":"http:\/\/www.tortrillas.com.mx\/wordpress\/wp-json\/wp\/v2\/pages\/208\/revisions"}],"predecessor-version":[{"id":484,"href":"http:\/\/www.tortrillas.com.mx\/wordpress\/wp-json\/wp\/v2\/pages\/208\/revisions\/484"}],"wp:attachment":[{"href":"http:\/\/www.tortrillas.com.mx\/wordpress\/wp-json\/wp\/v2\/media?parent=208"}],"curies":[{"name":"wp","href":"https:\/\/api.w.org\/{rel}","templated":true}]}}