{"id":209,"date":"2017-05-24T20:23:49","date_gmt":"2017-05-25T01:23:49","guid":{"rendered":"http:\/\/www.tortrillas.com.mx\/wordpress\/?page_id=209"},"modified":"2017-11-17T13:57:11","modified_gmt":"2017-11-17T19:57:11","slug":"rustica-integral","status":"publish","type":"page","link":"http:\/\/www.tortrillas.com.mx\/wordpress\/rustica-integral\/","title":{"rendered":"R\u00fastica Integral"},"content":{"rendered":"<p><a href=\"http:\/\/www.tortrillas.com.mx\/wordpress\/wp-content\/uploads\/2017\/10\/topTable__Integrales-1.jpg\"><img loading=\"lazy\" class=\"wp-image-314 aligncenter\" src=\"http:\/\/www.tortrillas.com.mx\/wordpress\/wp-content\/uploads\/2017\/10\/topTable__Integrales-1-300x200.jpg\" alt=\"\" width=\"471\" height=\"314\" srcset=\"http:\/\/www.tortrillas.com.mx\/wordpress\/wp-content\/uploads\/2017\/10\/topTable__Integrales-1-300x200.jpg 300w, http:\/\/www.tortrillas.com.mx\/wordpress\/wp-content\/uploads\/2017\/10\/topTable__Integrales-1-600x400.jpg 600w, http:\/\/www.tortrillas.com.mx\/wordpress\/wp-content\/uploads\/2017\/10\/topTable__Integrales-1-768x512.jpg 768w, http:\/\/www.tortrillas.com.mx\/wordpress\/wp-content\/uploads\/2017\/10\/topTable__Integrales-1.jpg 800w\" sizes=\"(max-width: 471px) 100vw, 471px\" \/><\/a><\/p>\n<p style=\"text-align: center;\"><span style=\"font-weight: 400;\">Tortilla de harina con di\u00e1metro entre 16 y 16.5 cm. Para su fabricaci\u00f3n se emplea harina con un contenido elevado de salvado, que es la cascarilla del trigo. Adem\u00e1s de esto se le agrega semilla de <em>linaza, avena molida y fibra de nopal<\/em> lo cual hacen que esta tortilla tenga un contenido en fibra elevado. Para su fabricaci\u00f3n se utiliza <em>aceite de Canola<\/em> y ninguna manteca vegetal o animal lo cual elimina completamente las grasas saturadas y trans, aportando grasas poliinsaturadas y monoinsaturadas que son <em>buenas para la salud<\/em> ya que ayudan a disminuir el colesterol. El resultado es una tortilla \u201cExcepcional\u201d y \u201cExquisita\u201d, se trata literalmente de una tortilla de cereales, con contenidos nutricionales envidiables y adem\u00e1s muy rica. El nopal le aporta esa suavidad particular que es muy grata al paladar. Desde que se calienta una tortilla Rustica de <strong>Tor-Tri-LLas<\/strong>, uno observa los beneficios que aporta cada uno de sus ingredientes: mayor resistencia al calor, mayor suavidad, una textura especial al paladar, sabor y salud al mismo tiempo. Las presentaciones de este producto son:<\/span><\/p>\n<p style=\"text-align: center;\"><em><strong>Paquete de \u00bd Kg con 16 piezas<\/strong><\/em><\/p>\n<p style=\"text-align: center;\"><em><strong>Paquete de 1 Kg con 32 piezas<\/strong><\/em><\/p>\n","protected":false},"excerpt":{"rendered":"<p>Tortilla de harina con di\u00e1metro entre 16 y 16.5 cm. Para su fabricaci\u00f3n se emplea harina con un contenido elevado de salvado, que es la cascarilla del trigo. Adem\u00e1s de esto se le agrega semilla de linaza, avena molida y fibra de nopal lo cual hacen que esta tortilla tenga un contenido en fibra elevado. [&hellip;]<\/p>\n","protected":false},"author":1,"featured_media":0,"parent":0,"menu_order":9,"comment_status":"closed","ping_status":"closed","template":"","meta":[],"_links":{"self":[{"href":"http:\/\/www.tortrillas.com.mx\/wordpress\/wp-json\/wp\/v2\/pages\/209"}],"collection":[{"href":"http:\/\/www.tortrillas.com.mx\/wordpress\/wp-json\/wp\/v2\/pages"}],"about":[{"href":"http:\/\/www.tortrillas.com.mx\/wordpress\/wp-json\/wp\/v2\/types\/page"}],"author":[{"embeddable":true,"href":"http:\/\/www.tortrillas.com.mx\/wordpress\/wp-json\/wp\/v2\/users\/1"}],"replies":[{"embeddable":true,"href":"http:\/\/www.tortrillas.com.mx\/wordpress\/wp-json\/wp\/v2\/comments?post=209"}],"version-history":[{"count":3,"href":"http:\/\/www.tortrillas.com.mx\/wordpress\/wp-json\/wp\/v2\/pages\/209\/revisions"}],"predecessor-version":[{"id":416,"href":"http:\/\/www.tortrillas.com.mx\/wordpress\/wp-json\/wp\/v2\/pages\/209\/revisions\/416"}],"wp:attachment":[{"href":"http:\/\/www.tortrillas.com.mx\/wordpress\/wp-json\/wp\/v2\/media?parent=209"}],"curies":[{"name":"wp","href":"https:\/\/api.w.org\/{rel}","templated":true}]}}