{"id":235,"date":"2017-06-11T18:58:02","date_gmt":"2017-06-11T23:58:02","guid":{"rendered":"http:\/\/www.tortrillas.com.mx\/wordpress\/?page_id=235"},"modified":"2017-11-17T13:58:26","modified_gmt":"2017-11-17T19:58:26","slug":"burritos","status":"publish","type":"page","link":"http:\/\/www.tortrillas.com.mx\/wordpress\/burritos\/","title":{"rendered":"El Burrito"},"content":{"rendered":"<p style=\"text-align: center;\"><a href=\"http:\/\/www.tortrillas.com.mx\/wordpress\/wp-content\/uploads\/2017\/10\/topTable-El-Burrito-1.jpg\"><img loading=\"lazy\" class=\"alignnone wp-image-311 aligncenter\" src=\"http:\/\/www.tortrillas.com.mx\/wordpress\/wp-content\/uploads\/2017\/10\/topTable-El-Burrito-1-300x200.jpg\" alt=\"\" width=\"476\" height=\"317\" srcset=\"http:\/\/www.tortrillas.com.mx\/wordpress\/wp-content\/uploads\/2017\/10\/topTable-El-Burrito-1-300x200.jpg 300w, http:\/\/www.tortrillas.com.mx\/wordpress\/wp-content\/uploads\/2017\/10\/topTable-El-Burrito-1-600x400.jpg 600w, http:\/\/www.tortrillas.com.mx\/wordpress\/wp-content\/uploads\/2017\/10\/topTable-El-Burrito-1-768x512.jpg 768w, http:\/\/www.tortrillas.com.mx\/wordpress\/wp-content\/uploads\/2017\/10\/topTable-El-Burrito-1.jpg 800w\" sizes=\"(max-width: 476px) 100vw, 476px\" \/><\/a>Tortilla de harina con di\u00e1metro entre 29 &#8211; 30 cm (Gigante) y de 25 &#8211; 26 cm (Burrito). Presentaci\u00f3n de 1 kg con 10 piezas. Es un producto hecho para la fabricaci\u00f3n de burritos de harina. Su gran tama\u00f1o presenta el reto de poder conservar su <em>suavidad y textura<\/em> adecuadamente, ya que pierde m\u00e1s r\u00e1pidamente estas propiedad con el tiempo que una tortilla de tama\u00f1o tradicional. Nosotros resolvemos este problema para que puedan emplearse sin problema en la preparaci\u00f3n de burritos con la tortilla fr\u00eda o caliente evitando que se rompan o partan. Adem\u00e1s evitamos el pegado entre las tortillas para que cada pieza pueda utilizarse sin tener ninguna merma.<\/p>\n<p>&nbsp;<\/p>\n<p>Variantes de Espinaca, Hierbas finas e Integral*<\/p>\n<p>&nbsp;<\/p>\n<p style=\"text-align: right;\">*Solo bajo pedido.<\/p>\n","protected":false},"excerpt":{"rendered":"<p>Tortilla de harina con di\u00e1metro entre 29 &#8211; 30 cm (Gigante) y de 25 &#8211; 26 cm (Burrito). Presentaci\u00f3n de 1 kg con 10 piezas. Es un producto hecho para la fabricaci\u00f3n de burritos de harina. Su gran tama\u00f1o presenta el reto de poder conservar su suavidad y textura adecuadamente, ya que pierde m\u00e1s r\u00e1pidamente [&hellip;]<\/p>\n","protected":false},"author":1,"featured_media":0,"parent":0,"menu_order":0,"comment_status":"closed","ping_status":"closed","template":"","meta":[],"_links":{"self":[{"href":"http:\/\/www.tortrillas.com.mx\/wordpress\/wp-json\/wp\/v2\/pages\/235"}],"collection":[{"href":"http:\/\/www.tortrillas.com.mx\/wordpress\/wp-json\/wp\/v2\/pages"}],"about":[{"href":"http:\/\/www.tortrillas.com.mx\/wordpress\/wp-json\/wp\/v2\/types\/page"}],"author":[{"embeddable":true,"href":"http:\/\/www.tortrillas.com.mx\/wordpress\/wp-json\/wp\/v2\/users\/1"}],"replies":[{"embeddable":true,"href":"http:\/\/www.tortrillas.com.mx\/wordpress\/wp-json\/wp\/v2\/comments?post=235"}],"version-history":[{"count":7,"href":"http:\/\/www.tortrillas.com.mx\/wordpress\/wp-json\/wp\/v2\/pages\/235\/revisions"}],"predecessor-version":[{"id":417,"href":"http:\/\/www.tortrillas.com.mx\/wordpress\/wp-json\/wp\/v2\/pages\/235\/revisions\/417"}],"wp:attachment":[{"href":"http:\/\/www.tortrillas.com.mx\/wordpress\/wp-json\/wp\/v2\/media?parent=235"}],"curies":[{"name":"wp","href":"https:\/\/api.w.org\/{rel}","templated":true}]}}