{"id":241,"date":"2017-06-11T19:02:55","date_gmt":"2017-06-12T00:02:55","guid":{"rendered":"http:\/\/www.tortrillas.com.mx\/wordpress\/?page_id=241"},"modified":"2017-06-11T19:43:21","modified_gmt":"2017-06-12T00:43:21","slug":"vision","status":"publish","type":"page","link":"http:\/\/www.tortrillas.com.mx\/wordpress\/vision\/","title":{"rendered":"Visi\u00f3n"},"content":{"rendered":"<p>Ser una empresa que promueve los valores y el buen ambiente laboral para que juntos crezcamos como individuos y como organizaci\u00f3n, permitiendo brindar a nuestros clientes productos de primera calidad a un precio justo.<\/p>\n<p>Ser reconocida por sus pr\u00e1cticas y actitudes alineadas con la \u00e9tica y valores humanos.<\/p>\n<p>Crecer en forma sostenida y racional aportando al desarrollo de la industria nacional.<\/p>\n","protected":false},"excerpt":{"rendered":"<p>Ser una empresa que promueve los valores y el buen ambiente laboral para que juntos crezcamos como individuos y como organizaci\u00f3n, permitiendo brindar a nuestros clientes productos de primera calidad a un precio justo. Ser reconocida por sus pr\u00e1cticas y actitudes alineadas con la \u00e9tica y valores humanos. Crecer en forma sostenida y racional aportando [&hellip;]<\/p>\n","protected":false},"author":1,"featured_media":0,"parent":0,"menu_order":4,"comment_status":"closed","ping_status":"closed","template":"","meta":[],"_links":{"self":[{"href":"http:\/\/www.tortrillas.com.mx\/wordpress\/wp-json\/wp\/v2\/pages\/241"}],"collection":[{"href":"http:\/\/www.tortrillas.com.mx\/wordpress\/wp-json\/wp\/v2\/pages"}],"about":[{"href":"http:\/\/www.tortrillas.com.mx\/wordpress\/wp-json\/wp\/v2\/types\/page"}],"author":[{"embeddable":true,"href":"http:\/\/www.tortrillas.com.mx\/wordpress\/wp-json\/wp\/v2\/users\/1"}],"replies":[{"embeddable":true,"href":"http:\/\/www.tortrillas.com.mx\/wordpress\/wp-json\/wp\/v2\/comments?post=241"}],"version-history":[{"count":4,"href":"http:\/\/www.tortrillas.com.mx\/wordpress\/wp-json\/wp\/v2\/pages\/241\/revisions"}],"predecessor-version":[{"id":257,"href":"http:\/\/www.tortrillas.com.mx\/wordpress\/wp-json\/wp\/v2\/pages\/241\/revisions\/257"}],"wp:attachment":[{"href":"http:\/\/www.tortrillas.com.mx\/wordpress\/wp-json\/wp\/v2\/media?parent=241"}],"curies":[{"name":"wp","href":"https:\/\/api.w.org\/{rel}","templated":true}]}}