{"id":277,"date":"2017-06-19T14:06:16","date_gmt":"2017-06-19T19:06:16","guid":{"rendered":"http:\/\/www.tortrillas.com.mx\/wordpress\/?page_id=277"},"modified":"2021-08-13T13:20:35","modified_gmt":"2021-08-13T18:20:35","slug":"recetas","status":"publish","type":"page","link":"http:\/\/www.tortrillas.com.mx\/wordpress\/recetas\/","title":{"rendered":"Recetas"},"content":{"rendered":"\n<div class=\"wp-container-2 wp-block-group\"><div class=\"wp-block-group__inner-container\">\n<div class=\"wp-container-1 wp-block-group\"><div class=\"wp-block-group__inner-container\">\n<p class=\"has-text-align-center\"><strong><em><span class=\"has-inline-color has-luminous-vivid-orange-color\">Tri\u00f1uelos<\/span><\/em><\/strong><\/p>\n\n\n\n<p>1.- Compra tortillas <span class=\"has-inline-color has-luminous-vivid-amber-color\">Integrales las Rusticas<\/span><\/p>\n\n\n\n<p>2.- Calienta un sart\u00e9n grande con bastante aceite.<\/p>\n\n\n\n<p>3.- Fr\u00ede las tortillas integrales <span class=\"has-inline-color has-luminous-vivid-amber-color\">Rusticas <\/span>en aceite muy caliente hasta que est\u00e9n dorados y crujientes. <\/p>\n\n\n\n<p>4.- Coloca los bu\u00f1uelos en un plato  con toallas de papel para absorber el exceso de aceite. <\/p>\n\n\n\n<p>5.-S\u00edrvelos calientes o a temperatura ambiente y espolvor\u00e9alos con az\u00facar y canela. Ahora, lo \u00fanico que necesitar\u00e1s es un poco de chocolate caliente para acompa\u00f1arlos.<\/p>\n<\/div><\/div>\n<\/div><\/div>\n","protected":false},"excerpt":{"rendered":"<p>Tri\u00f1uelos 1.- Compra tortillas Integrales las Rusticas 2.- Calienta un sart\u00e9n grande con bastante aceite. 3.- Fr\u00ede las tortillas integrales Rusticas en aceite muy caliente hasta que est\u00e9n dorados y crujientes. 4.- Coloca los bu\u00f1uelos en un plato con toallas de papel para absorber el exceso de aceite. 5.-S\u00edrvelos calientes o a temperatura ambiente y [&hellip;]<\/p>\n","protected":false},"author":1,"featured_media":0,"parent":0,"menu_order":0,"comment_status":"closed","ping_status":"closed","template":"","meta":[],"_links":{"self":[{"href":"http:\/\/www.tortrillas.com.mx\/wordpress\/wp-json\/wp\/v2\/pages\/277"}],"collection":[{"href":"http:\/\/www.tortrillas.com.mx\/wordpress\/wp-json\/wp\/v2\/pages"}],"about":[{"href":"http:\/\/www.tortrillas.com.mx\/wordpress\/wp-json\/wp\/v2\/types\/page"}],"author":[{"embeddable":true,"href":"http:\/\/www.tortrillas.com.mx\/wordpress\/wp-json\/wp\/v2\/users\/1"}],"replies":[{"embeddable":true,"href":"http:\/\/www.tortrillas.com.mx\/wordpress\/wp-json\/wp\/v2\/comments?post=277"}],"version-history":[{"count":8,"href":"http:\/\/www.tortrillas.com.mx\/wordpress\/wp-json\/wp\/v2\/pages\/277\/revisions"}],"predecessor-version":[{"id":742,"href":"http:\/\/www.tortrillas.com.mx\/wordpress\/wp-json\/wp\/v2\/pages\/277\/revisions\/742"}],"wp:attachment":[{"href":"http:\/\/www.tortrillas.com.mx\/wordpress\/wp-json\/wp\/v2\/media?parent=277"}],"curies":[{"name":"wp","href":"https:\/\/api.w.org\/{rel}","templated":true}]}}