{"id":490,"date":"2017-12-28T18:27:04","date_gmt":"2017-12-29T00:27:04","guid":{"rendered":"http:\/\/www.tortrillas.com.mx\/wordpress\/?page_id=490"},"modified":"2021-08-13T12:20:54","modified_gmt":"2021-08-13T17:20:54","slug":"terminos-y-condiciones","status":"publish","type":"page","link":"http:\/\/www.tortrillas.com.mx\/wordpress\/terminos-y-condiciones\/","title":{"rendered":"T\u00e9rminos y condiciones"},"content":{"rendered":"\n<div class=\"wp-container-3 wp-block-group\"><div class=\"wp-block-group__inner-container\">\n<div class=\"wp-container-2 wp-block-group\"><div class=\"wp-block-group__inner-container\">\n<div class=\"wp-container-1 wp-block-group\"><div class=\"wp-block-group__inner-container\">\n<p>Este contrato describe los t\u00e9rminos y condiciones generales aplicables al uso de los contenidos, productos y servicio ofrecidos a trav\u00e9s del SITIO WEB <strong>TORTRILLAS\/WORDPRESS. <\/strong>Cualquier persona que desee acceder o hacer uso del sitio o los servicios que en el ofrecen, podr\u00e1n hacerlo sujet\u00e1ndose a los presentes <strong>TERMINOS Y CONDICIONES<\/strong>, as\u00ed como pol\u00edticas y principios incorporados al presente documento. En todo caso, cualquier persona que no acepte los presentes t\u00e9rminos y condiciones, deber\u00e1 abstenerse de utilizar el <strong>SITIO WEB <\/strong>y\/o adquirir los productos y servicios que en <strong>TORTRILLAS <\/strong>se ofrecen.<\/p>\n<\/div><\/div>\n\n\n\n<ol type=\"I\" start=\"1\"><li><strong>DEL OBJETO<\/strong><\/li><\/ol>\n\n\n\n<p>El objeto de los presentes <strong>TERMINOS Y CONDICIONES<\/strong> es regular el acceso y la utilizaci\u00f3n del SITIO WEB, entendiendo por este cualquier tipo de contenido, producto o servicio que se encuentre a disposici\u00f3n de p\u00fablico en general dentro del dominio de <strong>TORTRILLAS.<\/strong><\/p>\n\n\n\n<p>El titular se reserva la facultad de modificar en cualquier momento y sin previo aviso, la presentaci\u00f3n, los contenidos, la funcionalidad, los productos, servicios y la configuraci\u00f3n que pudiera estar contenida en el SITIO WEB; en el sentido, el USUARIO reconoce y acepta que <strong>TORTRILLAS <\/strong>en cualquier momento podr\u00e1 interrumpir, desactivar o cancelar cualquiera de los elementos que conforman el SITIO WEB o el acceso a los mismos.<\/p>\n\n\n\n<p>El acceso al SITO WEB por parte del USUARIO tiene car\u00e1cter libre y, por regla general es gratuita sin que el USUARIO tenga que proporcionar una contraprestaci\u00f3n para poder disfrutar de ello, salvo en lo referente al costo de la conexi\u00f3n a internet suministrada por el proveedor de este tipo de servicios que hubiese contratado el mismo USUARIO.<\/p>\n\n\n\n<p>El acceso a parte de los contenidos y servicio del SITIO WEB podr\u00e1 realizarse previa suscripci\u00f3n o registro previo del USUARIO.<\/p>\n\n\n\n<p>El SITIO WEB se encuentra dirigido exclusivamente a personas que cuenten con la mayor\u00eda de edad en este sentido <strong>TORTRILLAS<\/strong> declina cualquier responsabilidad por incumplimiento de este requisito.<\/p>\n\n\n\n<p>El SITIO WEB est\u00e1 dirigido principalmente a USUARIOS residente de CDMX y Edo. M\u00e9x, por lo cual, <strong>TORTRILLAS<\/strong> no asegura que el sitio web cumpla total o parcialmente con la legislaci\u00f3n de otros estados, de forma que, si el USUARIO reside o tiene su domicilio establecido en otro estado y decide acceder o utilizar el SITIO WEB lo har\u00e1 bajo su propia responsabilidad y deber\u00e1 asegurarse que tal acceso y navegaci\u00f3n cumple con la legislaci\u00f3n local que le es aplicable, no asumiendo <strong>TORTRILLAS<\/strong> ninguna responsabilidad que se pueda derivar de dicho acto.<\/p>\n\n\n\n<ol type=\"I\" start=\"2\"><li><strong>DEL USUARIO<\/strong><\/li><\/ol>\n\n\n\n<p class=\"has-text-align-left\">El usuario o utilizaci\u00f3n del SITO WEB, as\u00ed como de los recursos habilitados para interactuar entre los USUARIOS, o entre el USUARIO y el TITULAR tales como medios para realizar publicaciones o comentarios, confiere la condici\u00f3n de USUARIO del SITIO WEB, por lo que quedar\u00eda sujeto a los presentes TERMINOS Y CONDICINES, as\u00ed como sus modificaciones, sin perjuicio de la aplicaci\u00f3n de la legislaci\u00f3n aplicable, por tanto, se tendr\u00e1 por aceptados desde el mismo momento en el que se accede al SITIO WEB.<\/p>\n\n\n\n<p>Es responsabilidad del USUARIO utilizar el SITIO WEB de acuerdo a la forma en la que fue dise\u00f1ado; en este sentido, queda prohibida la utilizaci\u00f3n de cualquier tipo de software que automatice la interacci\u00f3n o descarga de los contenidos o servicios proporcionados a trav\u00e9s del SITIO WEB. Adem\u00e1s, el USUARIO se compromete a utilizar la informaci\u00f3n, contenidos o servicios ofrecidos a trav\u00e9s del SITIO WEB de manera l\u00edcita, sin contravenir lo dispuesto en los presentes TERMINOS Y CONDICIONES, la moral o el orden p\u00fablico, y se abstendr\u00e1 de realizar cualquier acto que pueda suponer una afectaci\u00f3n a los derechos de terceros, o perjudique de alg\u00fan modo el funcionamiento del SITIO WEB.<\/p>\n\n\n\n<p><strong>TORTRILLAS <\/strong>se reserva el derecho de retirar todos aquellos comentarios y aportaciones que vulneren la ley, el respeto a la dignidad de la persona, que sean discriminatorios, atenten contra los derechos de tercero o el orden p\u00fablico, o bien, que a su juicio no resulten adecuados para su publicaci\u00f3n.<\/p>\n\n\n\n<p>En cualquier caso, <strong>TORTRILLAS<\/strong> no ser\u00e1 responsabilidad de las opiniones vertidas por los USUARIOS a trav\u00e9s de comentarios o publicaciones que estos realicen.<\/p>\n\n\n\n<ol type=\"I\" start=\"3\"><li><strong>ACCESO Y NAVEGACI\u00d3N EN EL SITIO WEB<\/strong><\/li><\/ol>\n\n\n\n<p>El TITULAR no garantiza de ning\u00fan modo la continuidad y disponibilidad de los contenidos, productos o servicios a trav\u00e9s del SITIO WEB, no obstante, el TITULAR llevara a cabo las acciones que de acuerdo a sus posibilidades le permitan mantener el buen funcionamiento del SITIO WEB, sin que esto suponga alguna responsabilidad de parte de <strong>TORTRILLAS.<\/strong><\/p>\n\n\n\n<p>De igual forma <strong>TORTRILLAS<\/strong> no ser\u00e1 responsable ni garantiza que el contenido o software al que pueda accederse a trav\u00e9s del SITIO WEB, se encuentre libre de errores, software malicioso, o que pueda causar alg\u00fan da\u00f1o a nivel de software o hardware en el equipo a trav\u00e9s del cual el USUARIO accede al SITIO WEB.<\/p>\n\n\n\n<p>El TITULR tampoco se hace responsable de los da\u00f1os que pudiera ocasionar por un uso inadecuado del SITIO WEB. En ning\u00fan caso <strong>TORTRILLAS <\/strong>ser\u00e1 responsable por las p\u00e9rdidas, da\u00f1os o perjuicios de cualquier tipo que surjan por el solo acceso o utilizaci\u00f3n del SITIO WEB.<\/p>\n\n\n\n<ol type=\"I\" start=\"4\"><li><strong>POLITICAS DE ENLACES<\/strong><\/li><\/ol>\n\n\n\n<p>El SITIO WEB puede contener enlaces, contenidos, servicio o funciones de otros sitios de internet perteneciente y\/o gestionado por terceros, im\u00e1genes, videos, comentarios, motores de b\u00fasqueda, etc.<\/p>\n\n\n\n<p>La utilizaci\u00f3n de estos contenidos, servicios o funciones, tiene por objeto mejorar la experiencia del USUARIO al hacer uso del SITIO WEB, sin que pueda considerar una sugerencia, recomendaci\u00f3n o invitaci\u00f3n para&nbsp; hacer uso de sitios externos. As\u00ed mismo, EL TITULAR no asume ninguna responsabilidad por los da\u00f1os y perjuicios que pudieran producirse por el acceso o uso, de los contenidos, productos o servicios disponibles en los sitios web no gestionados por <strong>TORTRILLAS<\/strong> a los que se pueda acceder mediante el SITIO WEB.<\/p>\n\n\n\n<ol start=\"5\"><li><strong>LEGISLACION Y JURISDICCION APLICABLE<\/strong><\/li><\/ol>\n\n\n\n<p><strong>TORTRILLAS <\/strong>se reserva la facultad de presentar las acciones civiles o penales que considere necesarios por la utilizaci\u00f3n indebida del SITIO WEB, sus contenidos, productos o servicios, por el incumplimiento de los presentes TERMINOS Y CONDICIONES.<\/p>\n\n\n\n<p>La relaci\u00f3n entre USURIO Y <strong>TORTRILLAS <\/strong>se regir\u00e1 por la legislaci\u00f3n vigente en M\u00e9xico, espec\u00edficamente CDMX y Edo. De M\u00e9xico. De surgir cualquier controversia en relaci\u00f3n a la interpretaci\u00f3n y\/o a la aplicaci\u00f3n de los presentes TERMINOS Y CONDICIONES, las partes se someter\u00e1n a la jurisdicci\u00f3n ordinaria de los tribunales que correspondan conforme a derecho en el estado al que se hace referencia.<\/p>\n<\/div><\/div>\n<\/div><\/div>\n\n\n\n<p><\/p>\n","protected":false},"excerpt":{"rendered":"<p>Este contrato describe los t\u00e9rminos y condiciones generales aplicables al uso de los contenidos, productos y servicio ofrecidos a trav\u00e9s del SITIO WEB TORTRILLAS\/WORDPRESS. Cualquier persona que desee acceder o hacer uso del sitio o los servicios que en el ofrecen, podr\u00e1n hacerlo sujet\u00e1ndose a los presentes TERMINOS Y CONDICIONES, as\u00ed como pol\u00edticas y principios [&hellip;]<\/p>\n","protected":false},"author":1,"featured_media":0,"parent":0,"menu_order":0,"comment_status":"closed","ping_status":"closed","template":"","meta":[],"_links":{"self":[{"href":"http:\/\/www.tortrillas.com.mx\/wordpress\/wp-json\/wp\/v2\/pages\/490"}],"collection":[{"href":"http:\/\/www.tortrillas.com.mx\/wordpress\/wp-json\/wp\/v2\/pages"}],"about":[{"href":"http:\/\/www.tortrillas.com.mx\/wordpress\/wp-json\/wp\/v2\/types\/page"}],"author":[{"embeddable":true,"href":"http:\/\/www.tortrillas.com.mx\/wordpress\/wp-json\/wp\/v2\/users\/1"}],"replies":[{"embeddable":true,"href":"http:\/\/www.tortrillas.com.mx\/wordpress\/wp-json\/wp\/v2\/comments?post=490"}],"version-history":[{"count":5,"href":"http:\/\/www.tortrillas.com.mx\/wordpress\/wp-json\/wp\/v2\/pages\/490\/revisions"}],"predecessor-version":[{"id":739,"href":"http:\/\/www.tortrillas.com.mx\/wordpress\/wp-json\/wp\/v2\/pages\/490\/revisions\/739"}],"wp:attachment":[{"href":"http:\/\/www.tortrillas.com.mx\/wordpress\/wp-json\/wp\/v2\/media?parent=490"}],"curies":[{"name":"wp","href":"https:\/\/api.w.org\/{rel}","templated":true}]}}