{"id":494,"date":"2017-12-28T18:27:31","date_gmt":"2017-12-29T00:27:31","guid":{"rendered":"http:\/\/www.tortrillas.com.mx\/wordpress\/?page_id=494"},"modified":"2021-08-13T13:09:33","modified_gmt":"2021-08-13T18:09:33","slug":"aviso-de-privacidad","status":"publish","type":"page","link":"http:\/\/www.tortrillas.com.mx\/wordpress\/aviso-de-privacidad\/","title":{"rendered":"Aviso de Privacidad"},"content":{"rendered":"\n<div class=\"wp-container-1 wp-block-group\"><div class=\"wp-block-group__inner-container\">\n<p>El presente aviso de privacidad se establece en cumplimiento de lo dispuesto en la Ley Federal de Protecci\u00f3n de Datos Personales en Posesi\u00f3n de los Particulares.<\/p>\n\n\n\n<p><strong>TOR-TRI-LLAS<\/strong> con domicilio en&nbsp;<strong>16 de Septiembre #44 Col. Coacalco Centro<\/strong>, M\u00e9xico, es responsable de recabar sus datos personales, del uso que se le d\u00e9 a los mismos y de su protecci\u00f3n. Su informaci\u00f3n personal ser\u00e1 utilizada para proveer los servicios y productos que ha solicitado, informarle sobre cambios en los mismos y evaluar la calidad del servicio que le brindamos.<\/p>\n\n\n\n<p>Para las finalidades se\u00f1aladas en el presente aviso de privacidad, podemos recabar sus datos personales de distintas formas: cuando usted nos los proporciona directamente; cuando visita nuestro sitio de Internet o utiliza nuestros servicios en l\u00ednea, y cuando obtenemos informaci\u00f3n a trav\u00e9s de otras fuentes que est\u00e1n permitidas por la ley. Recabamos sus datos personales de forma directa cuando usted mismo nos los proporciona por diversos medios, como cuando nos contacta o nos da informaci\u00f3n con objeto de que le prestemos un servicio. Los datos que obtenemos por este medio pueden ser, entre otros: <strong>Su nombre, correo electr\u00f3nico (email), tel\u00e9fono y ciudad , p\u00e1ginas visitadas dentro de nuestro sitio<\/strong>, <strong>informaci\u00f3n para mejorar su experiencia<\/strong>. Usted tiene derecho de acceder, rectificar y cancelar sus datos personales, as\u00ed como de oponerse al tratamiento de los mismos o revocar el consentimiento que para tal fin nos haya otorgado, a trav\u00e9s de los procedimientos que hemos implementado.<\/p>\n\n\n\n<p>En este Aviso de Privacidad se explica nuestra pol\u00edtica respecto de la recolecci\u00f3n, uso, divulgaci\u00f3n y transmisi\u00f3n de los datos de usuarios por parte de&nbsp;<strong>TOR-TRI-LLAS. <\/strong>La presente pol\u00edtica se podr\u00e1 modificar a medida que actualizamos y ampliamos nuestros servicios. Por lo tanto, se recomienda consultarla peri\u00f3dicamente. Si accede a nuestro sitio web o de otro modo utiliza nuestro servicio, significa que presta su consentimiento a nuestras pr\u00e1cticas sobre informaci\u00f3n.<\/p>\n\n\n\n<p>Importante: el presente Aviso de privacidad incluye hiperv\u00ednculos a los que se puede acceder \u00fanicamente a trav\u00e9s de nuestro sitio web, de modo que tendr\u00e1 que visitar el sitio web para consultar los t\u00e9rminos adicionales a los que se accede a trav\u00e9s de los hiperv\u00ednculos.<\/p>\n\n\n\n<p>La presente pol\u00edtica se podr\u00e1 modificar a medida que actualizamos y ampliamos nuestros servicios. Consulte regularmente si existe alguna actualizaci\u00f3n a esta pol\u00edtica. Usted acuerda que su aceptaci\u00f3n de los T\u00e9minos de Uso y el Aviso de privacidad posterior a su consentimiento original, as\u00ed como el uso del sitio web de&nbsp;<strong>TOR-TRI-LLAS <\/strong>o el uso continuo de nuestro servicio despu\u00e9s de publicar un cambio a esta pol\u00edtica implica que acepta dichos cambios y se obliga a respetarlos. Podr\u00e1 acceder a la \u00faltima versi\u00f3n de esta Aviso de privacidad visitando nuestro sitio web y haciendo clic en \u201cAviso de privacidad\u201d al pie de las p\u00e1ginas del sitio web de&nbsp;<strong>http:\/\/www.tortrillas.com.mx\/wordpress\/aviso-de-privacidad\/<\/strong><\/p>\n\n\n\n<p>Para garantizar el correcto resguardo de sus datos personales y para dar pleno cumplimiento a las obligaciones que la LFPDPPP establece en la materia, se le informa que&nbsp;<strong>TOR-TRI-LLAS<\/strong>&nbsp;tiene implementadas las medidas de seguridad administrativas, t\u00e9cnicas y f\u00edsicas necesarias y suficientes para evitar su da\u00f1o, p\u00e9rdida, alteraci\u00f3n, destrucci\u00f3n, uso, acceso o divulgaci\u00f3n indebida.<\/p>\n\n\n\n<p>Los Datos Personales que han proporcionados ser\u00e1n conservados por un periodo de 1 a\u00f1o, excepto la que fiscalmente debe considerarse por 5 a\u00f1os, en medios f\u00edsicos y electr\u00f3nicos, y posteriormente descartados para evitar un tratamiento indebido de los mismos.<\/p>\n\n\n\n<p>En ning\u00fan caso&nbsp;<strong>TOR-TRI-LLAS<\/strong>&nbsp;transferir\u00e1 los datos personales de sus clientes a un tercero, sin el consentimiento previo de los titulares<\/p>\n\n\n\n<p>PROCEDIMIENTO PARA HACER VALER LOS DERECHOS ARCO.-<\/p>\n\n\n\n<p>Usted tiene derecho de acceder a sus datos personales que poseemos y a los detalles del tratamiento de los mismos, as\u00ed como a rectificarlos en caso de ser inexactos o incompletos; cancelarlos cuando considere que no se requieren para alguna de las&nbsp;finalidades se\u00f1alados en el presente aviso de privacidad, est\u00e9n siendo utilizados para finalidades no consentidas o haya finalizado la relaci\u00f3n contractual o de servicio, o bien, oponerse al tratamiento de los mismos para fines espec\u00edficos.<\/p>\n\n\n\n<p>Los mecanismos que se han implementado para el ejercicio de dichos derechos, los cuales se conocen como derechos Arco mismos que se refieren a la rectificaci\u00f3n, cancelaci\u00f3n y oposici\u00f3n del Titular respecto al tratamiento de sus datos personales;<\/p>\n\n\n\n<p><strong>1)<\/strong>&nbsp;El procedimiento inicia con la presentaci\u00f3n de la solicitud respectiva a los derechos Arco, en el domicilio de nuestra Oficina de Privacidad, mismo que fue debidamente se\u00f1alado al principio del presente aviso de privacidad.<\/p>\n\n\n\n<p><strong>2)<\/strong>&nbsp;Su solicitud deber\u00e1 contener la siguiente informaci\u00f3n:<br>Nombre del titular de los datos personales. Domicilio o cualquier otro medio de contacto. Documentos que acrediten su personalidad e identidad. La descripci\u00f3n clara y precisa de los datos personales. Cualquier otro documento que facilite la localizaci\u00f3n de los datos.<\/p>\n\n\n\n<p><strong>3)<\/strong>&nbsp;El plazo para atender su solicitud es de: 20 d\u00edas h\u00e1biles.<\/p>\n\n\n\n<p>La \u00faltima versi\u00f3n del presente Aviso de privacidad prevalecer\u00e1 sobre todas las versiones anteriores.<\/p>\n\n\n\n<p class=\"has-text-align-right\">Fecha de \u00faltima actualizaci\u00f3n: 13 de agosto de 2021<\/p>\n<\/div><\/div>\n","protected":false},"excerpt":{"rendered":"<p>El presente aviso de privacidad se establece en cumplimiento de lo dispuesto en la Ley Federal de Protecci\u00f3n de Datos Personales en Posesi\u00f3n de los Particulares. TOR-TRI-LLAS con domicilio en&nbsp;16 de Septiembre #44 Col. Coacalco Centro, M\u00e9xico, es responsable de recabar sus datos personales, del uso que se le d\u00e9 a los mismos y de [&hellip;]<\/p>\n","protected":false},"author":1,"featured_media":0,"parent":0,"menu_order":0,"comment_status":"closed","ping_status":"closed","template":"","meta":[],"_links":{"self":[{"href":"http:\/\/www.tortrillas.com.mx\/wordpress\/wp-json\/wp\/v2\/pages\/494"}],"collection":[{"href":"http:\/\/www.tortrillas.com.mx\/wordpress\/wp-json\/wp\/v2\/pages"}],"about":[{"href":"http:\/\/www.tortrillas.com.mx\/wordpress\/wp-json\/wp\/v2\/types\/page"}],"author":[{"embeddable":true,"href":"http:\/\/www.tortrillas.com.mx\/wordpress\/wp-json\/wp\/v2\/users\/1"}],"replies":[{"embeddable":true,"href":"http:\/\/www.tortrillas.com.mx\/wordpress\/wp-json\/wp\/v2\/comments?post=494"}],"version-history":[{"count":2,"href":"http:\/\/www.tortrillas.com.mx\/wordpress\/wp-json\/wp\/v2\/pages\/494\/revisions"}],"predecessor-version":[{"id":741,"href":"http:\/\/www.tortrillas.com.mx\/wordpress\/wp-json\/wp\/v2\/pages\/494\/revisions\/741"}],"wp:attachment":[{"href":"http:\/\/www.tortrillas.com.mx\/wordpress\/wp-json\/wp\/v2\/media?parent=494"}],"curies":[{"name":"wp","href":"https:\/\/api.w.org\/{rel}","templated":true}]}}