{"id":497,"date":"2017-12-28T18:28:33","date_gmt":"2017-12-29T00:28:33","guid":{"rendered":"http:\/\/www.tortrillas.com.mx\/wordpress\/?page_id=497"},"modified":"2020-07-08T21:15:20","modified_gmt":"2020-07-09T02:15:20","slug":"politicas-de-envios-devoluciones-y-cancelaciones","status":"publish","type":"page","link":"http:\/\/www.tortrillas.com.mx\/wordpress\/politicas-de-envios-devoluciones-y-cancelaciones\/","title":{"rendered":"Pol\u00edticas de Env\u00edos, Devoluciones, Cancelaciones y Reembolsos"},"content":{"rendered":"\n<p><\/p>\n\n\n\n<p class=\"has-text-color has-luminous-vivid-orange-color\">Env\u00edo<\/p>\n\n\n\n<p>Los siguientes t\u00e9rminos aplican para todos los env\u00edos dentro de la Ciudad y Estado de M\u00e9xico.<\/p>\n\n\n\n<p>Los env\u00edos se realizan mediante nuestros vendedores, el costo de env\u00edo es gratis.<\/p>\n\n\n\n<p>Una vez procesado el pago de la compra(transferencia) el plazo estimado de entrega en su negocio es de 8 d\u00edas h\u00e1biles. Por d\u00eda h\u00e1bil se entiende solo aquellos marcados como laborables de lunes a viernes. <\/p>\n\n\n\n<p>El cliente se compromete a proporcionar una direcci\u00f3n valida localizable.<\/p>\n\n\n\n<p class=\"has-text-color has-luminous-vivid-orange-color\">Cancelaci\u00f3n<\/p>\n\n\n\n<p>El cliente podr\u00e1 solicitar la cancelaci\u00f3n dentro de las 24 horas posteriores de haber realizado el pago, solo se podr\u00e1n cancelar aquellos pedidos cuya fabricaci\u00f3n aun no se haya realizado.<\/p>\n\n\n\n<p class=\"has-text-color has-luminous-vivid-orange-color\">Devoluci\u00f3n<\/p>\n\n\n\n<p>El cliente podr\u00e1 realizar devoluci\u00f3n siempre y cuando el paquete no haya sufrido alteraciones debe estar en su embalaje original.<\/p>\n\n\n\n<p>El cliente podr\u00e1 hacer valida la devoluci\u00f3n si el producto presenta alg\u00fan da\u00f1o al momento de recibirlo.<\/p>\n\n\n\n<p>Si el producto presenta moho antes de la fecha de caducidad.<\/p>\n\n\n\n<p>Una vez realizado el reporte el nuevo producto sera enviado nuevamente a su domicilio sin ning\u00fan costo adicional. <\/p>\n\n\n\n<p class=\"has-text-color has-luminous-vivid-orange-color\">Reembolso<\/p>\n\n\n\n<p>El tiempo que tarda en hacerse efectivo el rembolso de su dinero:<\/p>\n\n\n\n<p>Transferencia<\/p>\n\n\n\n<p>El reembolso ser\u00e1 efectivo a la cuenta que indique el cliente en un plazo de 7 d\u00edas h\u00e1biles posteriores a que recibamos los datos bancarios, titular de la cuneta, numero de cuenta y CLABE interbancaria.<\/p>\n","protected":false},"excerpt":{"rendered":"<p>Env\u00edo Los siguientes t\u00e9rminos aplican para todos los env\u00edos dentro de la Ciudad y Estado de M\u00e9xico. Los env\u00edos se realizan mediante nuestros vendedores, el costo de env\u00edo es gratis. Una vez procesado el pago de la compra(transferencia) el plazo estimado de entrega en su negocio es de 8 d\u00edas h\u00e1biles. Por d\u00eda h\u00e1bil se [&hellip;]<\/p>\n","protected":false},"author":1,"featured_media":0,"parent":0,"menu_order":0,"comment_status":"closed","ping_status":"closed","template":"","meta":[],"_links":{"self":[{"href":"http:\/\/www.tortrillas.com.mx\/wordpress\/wp-json\/wp\/v2\/pages\/497"}],"collection":[{"href":"http:\/\/www.tortrillas.com.mx\/wordpress\/wp-json\/wp\/v2\/pages"}],"about":[{"href":"http:\/\/www.tortrillas.com.mx\/wordpress\/wp-json\/wp\/v2\/types\/page"}],"author":[{"embeddable":true,"href":"http:\/\/www.tortrillas.com.mx\/wordpress\/wp-json\/wp\/v2\/users\/1"}],"replies":[{"embeddable":true,"href":"http:\/\/www.tortrillas.com.mx\/wordpress\/wp-json\/wp\/v2\/comments?post=497"}],"version-history":[{"count":2,"href":"http:\/\/www.tortrillas.com.mx\/wordpress\/wp-json\/wp\/v2\/pages\/497\/revisions"}],"predecessor-version":[{"id":652,"href":"http:\/\/www.tortrillas.com.mx\/wordpress\/wp-json\/wp\/v2\/pages\/497\/revisions\/652"}],"wp:attachment":[{"href":"http:\/\/www.tortrillas.com.mx\/wordpress\/wp-json\/wp\/v2\/media?parent=497"}],"curies":[{"name":"wp","href":"https:\/\/api.w.org\/{rel}","templated":true}]}}